{"id":87,"date":"2024-01-21T18:49:07","date_gmt":"2024-01-21T18:49:07","guid":{"rendered":"https:\/\/playstoreios.com\/?page_id=87"},"modified":"2024-05-24T19:22:00","modified_gmt":"2024-05-24T19:22:00","slug":"terms-and-conditions","status":"publish","type":"page","link":"https:\/\/playstoreios.com\/it\/termini-e-condizioni\/","title":{"rendered":"Termini e Condizioni"},"content":{"rendered":"<p>Benvenuto su PlayStoreiOS.com. I presenti termini e condizioni delineano le regole e i regolamenti per l&#039;utilizzo del sito Web PlayStoreiOS.com, situato all&#039;indirizzo <a href=\"https:\/\/playstoreios.com\/it\/\">https:\/\/playstoreios.com<\/a>.<\/p>\n\n\n\n<p>Accedendo a questo sito Web assumiamo che accetti questi termini e condizioni. Non continuare a utilizzare PlayStoreiOS.com se non accetti tutti i termini e le condizioni indicati in questa pagina.<\/p>\n\n\n\n<p><strong>1. Licenza<\/strong> Salvo diversa indicazione, PlayStoreiOS.com e\/o i suoi concessori di licenza possiedono i diritti di propriet\u00e0 intellettuale per tutto il materiale su PlayStoreiOS.com. Tutti i diritti di propriet\u00e0 intellettuale sono riservati. Puoi accedervi da PlayStoreiOS.com per uso personale soggetto alle restrizioni stabilite in questi termini e condizioni.<\/p>\n\n\n\n<p><strong>2. Responsabilit\u00e0 dell&#039;utente<\/strong><\/p>\n\n\n\n<ul class=\"wp-block-list\">\n<li>Non devi:\n<ul class=\"wp-block-list\">\n<li>Ripubblicare materiale da PlayStoreiOS.com<\/li>\n\n\n\n<li>Vendere, noleggiare o concedere in sublicenza materiale da PlayStoreiOS.com<\/li>\n\n\n\n<li>Riprodurre, duplicare o copiare materiale da PlayStoreiOS.com<\/li>\n\n\n\n<li>Ridistribuire i contenuti da PlayStoreiOS.com<\/li>\n<\/ul>\n<\/li>\n\n\n\n<li>Il presente Contratto avr\u00e0 inizio a partire dalla data odierna.<\/li>\n<\/ul>\n\n\n\n<p><strong>3. Parti di questo sito Web offrono agli utenti l&#039;opportunit\u00e0 di pubblicare e scambiare opinioni e informazioni<\/strong> PlayStoreiOS.com non filtra, modifica, pubblica o rivede i commenti prima della loro presenza sul sito web. I commenti non riflettono i punti di vista e le opinioni di PlayStoreiOS.com, dei suoi agenti e\/o affiliati. I commenti riflettono i punti di vista e le opinioni della persona che pubblica i propri punti di vista e opinioni. Nella misura consentita dalle leggi applicabili, PlayStoreiOS.com non sar\u00e0 responsabile per i Commenti o per qualsiasi responsabilit\u00e0, danno o spesa causata e\/o subita a seguito di qualsiasi utilizzo e\/o pubblicazione e\/o comparsa dei Commenti. su questo sito web.<\/p>\n\n\n\n<p><strong>4. Collegamenti ipertestuali ai nostri contenuti<\/strong> Le seguenti organizzazioni possono collegarsi al nostro sito Web senza previa approvazione scritta:<\/p>\n\n\n\n<ul class=\"wp-block-list\">\n<li>Agenzie governative;<\/li>\n\n\n\n<li>Motori di ricerca;<\/li>\n\n\n\n<li>Organizzazioni giornalistiche;<\/li>\n\n\n\n<li>I distributori di directory online possono collegarsi al nostro sito Web nello stesso modo in cui si collegano ai siti Web di altre aziende elencate; E<\/li>\n\n\n\n<li>Aziende accreditate a livello di sistema, ad eccezione della sollecitazione di organizzazioni senza scopo di lucro, centri commerciali di beneficenza e gruppi di raccolta fondi di beneficenza che potrebbero non avere collegamenti ipertestuali al nostro sito Web.<\/li>\n<\/ul>\n\n\n\n<p><strong>5. iFrame<\/strong> Senza previa approvazione e permesso scritto, non \u00e8 possibile creare frame attorno alle nostre pagine Web che alterino in alcun modo la presentazione visiva o l&#039;aspetto del nostro sito Web.<\/p>\n\n\n\n<p><strong>6. La tua privacy<\/strong> Si prega di leggere la nostra informativa sulla privacy.<\/p>\n\n\n\n<p><strong>7. Riserva di diritti<\/strong> Ci riserviamo il diritto di richiedere la rimozione di tutti i collegamenti o di qualsiasi collegamento particolare al nostro sito Web. Su richiesta, accetti di rimuovere immediatamente tutti i collegamenti al nostro sito Web.<\/p>\n\n\n\n<p><strong>8. Dichiarazione di non responsabilit\u00e0<\/strong> Nella misura massima consentita dalla legge applicabile, escludiamo tutte le dichiarazioni, garanzie e condizioni relative al nostro sito Web e all&#039;utilizzo di questo sito Web. Niente in questo disclaimer:<\/p>\n\n\n\n<ul class=\"wp-block-list\">\n<li>limitare o escludere la nostra o la vostra responsabilit\u00e0 per morte o lesioni personali;<\/li>\n\n\n\n<li>limitare o escludere la nostra o la vostra responsabilit\u00e0 per frode o dichiarazione fraudolenta;<\/li>\n\n\n\n<li>limitare qualsiasi nostra o vostra responsabilit\u00e0 in qualsiasi modo non consentito dalla legge applicabile; O<\/li>\n\n\n\n<li>escludere qualsiasi nostra o vostra responsabilit\u00e0 che non pu\u00f2 essere esclusa ai sensi della legge applicabile.<\/li>\n<\/ul>\n\n\n\n<p>Le limitazioni e i divieti di responsabilit\u00e0 stabiliti in questa Sezione e altrove in questa esclusione di responsabilit\u00e0: (a) sono soggetti al paragrafo precedente; e (b) disciplinare tutte le responsabilit\u00e0 derivanti dalla clausola di esclusione della responsabilit\u00e0, comprese le responsabilit\u00e0 derivanti dal contratto, per atto illecito e per violazione degli obblighi di legge.<\/p>","protected":false},"excerpt":{"rendered":"<p>Welcome to PlayStoreiOS.com. These terms and conditions outline the rules and regulations for the use of PlayStoreiOS.com&#8217;s Website, located at [&hellip;]<\/p>","protected":false},"author":1,"featured_media":0,"parent":0,"menu_order":0,"comment_status":"closed","ping_status":"closed","template":"","meta":{"site-sidebar-layout":"default","site-content-layout":"","ast-site-content-layout":"","site-content-style":"default","site-sidebar-style":"default","ast-global-header-display":"","ast-banner-title-visibility":"","ast-main-header-display":"","ast-hfb-above-header-display":"","ast-hfb-below-header-display":"","ast-hfb-mobile-header-display":"","site-post-title":"","ast-breadcrumbs-content":"","ast-featured-img":"","footer-sml-layout":"","theme-transparent-header-meta":"","adv-header-id-meta":"","stick-header-meta":"","header-above-stick-meta":"","header-main-stick-meta":"","header-below-stick-meta":"","astra-migrate-meta-layouts":"default","ast-page-background-enabled":"default","ast-page-background-meta":{"desktop":{"background-color":"var(--ast-global-color-4)","background-image":"","background-repeat":"repeat","background-position":"center center","background-size":"auto","background-attachment":"scroll","background-type":"","background-media":"","overlay-type":"","overlay-color":"","overlay-gradient":""},"tablet":{"background-color":"","background-image":"","background-repeat":"repeat","background-position":"center center","background-size":"auto","background-attachment":"scroll","background-type":"","background-media":"","overlay-type":"","overlay-color":"","overlay-gradient":""},"mobile":{"background-color":"","background-image":"","background-repeat":"repeat","background-position":"center center","background-size":"auto","background-attachment":"scroll","background-type":"","background-media":"","overlay-type":"","overlay-color":"","overlay-gradient":""}},"ast-content-background-meta":{"desktop":{"background-color":"var(--ast-global-color-5)","background-image":"","background-repeat":"repeat","background-position":"center center","background-size":"auto","background-attachment":"scroll","background-type":"","background-media":"","overlay-type":"","overlay-color":"","overlay-gradient":""},"tablet":{"background-color":"var(--ast-global-color-5)","background-image":"","background-repeat":"repeat","background-position":"center center","background-size":"auto","background-attachment":"scroll","background-type":"","background-media":"","overlay-type":"","overlay-color":"","overlay-gradient":""},"mobile":{"background-color":"var(--ast-global-color-5)","background-image":"","background-repeat":"repeat","background-position":"center center","background-size":"auto","background-attachment":"scroll","background-type":"","background-media":"","overlay-type":"","overlay-color":"","overlay-gradient":""}},"footnotes":""},"class_list":["post-87","page","type-page","status-publish","hentry"],"_links":{"self":[{"href":"https:\/\/playstoreios.com\/it\/wp-json\/wp\/v2\/pages\/87","targetHints":{"allow":["GET"]}}],"collection":[{"href":"https:\/\/playstoreios.com\/it\/wp-json\/wp\/v2\/pages"}],"about":[{"href":"https:\/\/playstoreios.com\/it\/wp-json\/wp\/v2\/types\/page"}],"author":[{"embeddable":true,"href":"https:\/\/playstoreios.com\/it\/wp-json\/wp\/v2\/users\/1"}],"replies":[{"embeddable":true,"href":"https:\/\/playstoreios.com\/it\/wp-json\/wp\/v2\/comments?post=87"}],"version-history":[{"count":6,"href":"https:\/\/playstoreios.com\/it\/wp-json\/wp\/v2\/pages\/87\/revisions"}],"predecessor-version":[{"id":406,"href":"https:\/\/playstoreios.com\/it\/wp-json\/wp\/v2\/pages\/87\/revisions\/406"}],"wp:attachment":[{"href":"https:\/\/playstoreios.com\/it\/wp-json\/wp\/v2\/media?parent=87"}],"curies":[{"name":"wp","href":"https:\/\/api.w.org\/{rel}","templated":true}]}}