{"id":87,"date":"2024-01-21T18:49:07","date_gmt":"2024-01-21T18:49:07","guid":{"rendered":"https:\/\/playstoreios.com\/?page_id=87"},"modified":"2024-05-24T19:22:00","modified_gmt":"2024-05-24T19:22:00","slug":"terms-and-conditions","status":"publish","type":"page","link":"https:\/\/playstoreios.com\/es\/terminos-y-condiciones\/","title":{"rendered":"T\u00e9rminos y condiciones"},"content":{"rendered":"<p>Bienvenido a PlayStoreiOS.com. Estos t\u00e9rminos y condiciones describen las reglas y regulaciones para el uso del sitio web de PlayStoreiOS.com, ubicado en <a href=\"https:\/\/playstoreios.com\/es\/\">https:\/\/playstoreios.com<\/a>.<\/p>\n\n\n\n<p>Al acceder a este sitio web asumimos que acepta estos t\u00e9rminos y condiciones. No contin\u00fae usando PlayStoreiOS.com si no acepta todos los t\u00e9rminos y condiciones establecidos en esta p\u00e1gina.<\/p>\n\n\n\n<p><strong>1. Licencia<\/strong> A menos que se indique lo contrario, PlayStoreiOS.com y\/o sus licenciantes poseen los derechos de propiedad intelectual de todo el material de PlayStoreiOS.com. Todos los derechos de propiedad intelectual est\u00e1n reservados. Puede acceder a esto desde PlayStoreiOS.com para su uso personal sujeto a las restricciones establecidas en estos t\u00e9rminos y condiciones.<\/p>\n\n\n\n<p><strong>2. Responsabilidades del usuario<\/strong><\/p>\n\n\n\n<ul class=\"wp-block-list\">\n<li>No debes:\n<ul class=\"wp-block-list\">\n<li>Volver a publicar material de PlayStoreiOS.com<\/li>\n\n\n\n<li>Vender, alquilar o sublicenciar material de PlayStoreiOS.com<\/li>\n\n\n\n<li>Reproducir, duplicar o copiar material de PlayStoreiOS.com<\/li>\n\n\n\n<li>Redistribuir contenido de PlayStoreiOS.com<\/li>\n<\/ul>\n<\/li>\n\n\n\n<li>Este Acuerdo comenzar\u00e1 en la fecha del presente.<\/li>\n<\/ul>\n\n\n\n<p><strong>3. Partes de este sitio web ofrecen una oportunidad para que los usuarios publiquen e intercambien opiniones e informaci\u00f3n<\/strong> PlayStoreiOS.com no filtra, edita, publica ni revisa los Comentarios antes de su presencia en el sitio web. Los comentarios no reflejan los puntos de vista y opiniones de PlayStoreiOS.com, sus agentes y\/o afiliados. Los comentarios reflejan los puntos de vista y opiniones de la persona que publica sus puntos de vista y opiniones. En la medida permitida por las leyes aplicables, PlayStoreiOS.com no ser\u00e1 responsable de los Comentarios ni de ninguna responsabilidad, da\u00f1os o gastos causados y\/o sufridos como resultado de cualquier uso, publicaci\u00f3n y\/o apariencia de los Comentarios. en este sitio web.<\/p>\n\n\n\n<p><strong>4. Hiperv\u00ednculos a nuestro contenido<\/strong> Las siguientes organizaciones pueden vincularse a nuestro sitio web sin aprobaci\u00f3n previa por escrito:<\/p>\n\n\n\n<ul class=\"wp-block-list\">\n<li>Agencias gubernamentales;<\/li>\n\n\n\n<li>Los motores de b\u00fasqueda;<\/li>\n\n\n\n<li>Organizaciones de noticias;<\/li>\n\n\n\n<li>Los distribuidores de directorios en l\u00ednea pueden vincularse a nuestro sitio web de la misma manera que lo hacen a los sitios web de otras empresas enumeradas; y<\/li>\n\n\n\n<li>Empresas acreditadas en todo el sistema, excepto aquellas que soliciten servicios a organizaciones sin fines de lucro, centros comerciales ben\u00e9ficos y grupos de recaudaci\u00f3n de fondos ben\u00e9ficos que no pueden tener hiperv\u00ednculos a nuestro sitio web.<\/li>\n<\/ul>\n\n\n\n<p><strong>5. marcos flotantes<\/strong> Sin aprobaci\u00f3n previa y permiso por escrito, no puede crear marcos alrededor de nuestras p\u00e1ginas web que alteren de alguna manera la presentaci\u00f3n visual o la apariencia de nuestro sitio web.<\/p>\n\n\n\n<p><strong>6. Tu privacidad<\/strong> Por favor lea nuestra Pol\u00edtica de Privacidad.<\/p>\n\n\n\n<p><strong>7. Reserva de Derechos<\/strong> Nos reservamos el derecho de solicitarle que elimine todos los enlaces o cualquier enlace en particular a nuestro sitio web. Usted aprueba eliminar inmediatamente todos los enlaces a nuestro sitio web si as\u00ed lo solicita.<\/p>\n\n\n\n<p><strong>8. Descargo de responsabilidad<\/strong> En la medida m\u00e1xima permitida por la ley aplicable, excluimos todas las representaciones, garant\u00edas y condiciones relacionadas con nuestro sitio web y el uso de este sitio web. Nada en este descargo de responsabilidad:<\/p>\n\n\n\n<ul class=\"wp-block-list\">\n<li>limitar o excluir nuestra o su responsabilidad por muerte o lesiones personales;<\/li>\n\n\n\n<li>limitar o excluir nuestra o su responsabilidad por fraude o tergiversaci\u00f3n fraudulenta;<\/li>\n\n\n\n<li>limitar cualquiera de nuestras responsabilidades o las suyas de cualquier forma que no est\u00e9 permitida por la ley aplicable; o<\/li>\n\n\n\n<li>excluir cualquiera de nuestras responsabilidades o las suyas que no puedan estar excluidas seg\u00fan la ley aplicable.<\/li>\n<\/ul>\n\n\n\n<p>Las limitaciones y prohibiciones de responsabilidad establecidas en esta Secci\u00f3n y en otras partes de este descargo de responsabilidad: (a) est\u00e1n sujetas al p\u00e1rrafo anterior; y (b) regir todas las responsabilidades que surjan bajo la exenci\u00f3n de responsabilidad, incluidas las responsabilidades que surjan en el contrato, en agravio y por incumplimiento del deber legal.<\/p>","protected":false},"excerpt":{"rendered":"<p>Welcome to PlayStoreiOS.com. These terms and conditions outline the rules and regulations for the use of PlayStoreiOS.com&#8217;s Website, located at [&hellip;]<\/p>","protected":false},"author":1,"featured_media":0,"parent":0,"menu_order":0,"comment_status":"closed","ping_status":"closed","template":"","meta":{"site-sidebar-layout":"default","site-content-layout":"","ast-site-content-layout":"","site-content-style":"default","site-sidebar-style":"default","ast-global-header-display":"","ast-banner-title-visibility":"","ast-main-header-display":"","ast-hfb-above-header-display":"","ast-hfb-below-header-display":"","ast-hfb-mobile-header-display":"","site-post-title":"","ast-breadcrumbs-content":"","ast-featured-img":"","footer-sml-layout":"","theme-transparent-header-meta":"","adv-header-id-meta":"","stick-header-meta":"","header-above-stick-meta":"","header-main-stick-meta":"","header-below-stick-meta":"","astra-migrate-meta-layouts":"default","ast-page-background-enabled":"default","ast-page-background-meta":{"desktop":{"background-color":"var(--ast-global-color-4)","background-image":"","background-repeat":"repeat","background-position":"center center","background-size":"auto","background-attachment":"scroll","background-type":"","background-media":"","overlay-type":"","overlay-color":"","overlay-gradient":""},"tablet":{"background-color":"","background-image":"","background-repeat":"repeat","background-position":"center center","background-size":"auto","background-attachment":"scroll","background-type":"","background-media":"","overlay-type":"","overlay-color":"","overlay-gradient":""},"mobile":{"background-color":"","background-image":"","background-repeat":"repeat","background-position":"center center","background-size":"auto","background-attachment":"scroll","background-type":"","background-media":"","overlay-type":"","overlay-color":"","overlay-gradient":""}},"ast-content-background-meta":{"desktop":{"background-color":"var(--ast-global-color-5)","background-image":"","background-repeat":"repeat","background-position":"center center","background-size":"auto","background-attachment":"scroll","background-type":"","background-media":"","overlay-type":"","overlay-color":"","overlay-gradient":""},"tablet":{"background-color":"var(--ast-global-color-5)","background-image":"","background-repeat":"repeat","background-position":"center center","background-size":"auto","background-attachment":"scroll","background-type":"","background-media":"","overlay-type":"","overlay-color":"","overlay-gradient":""},"mobile":{"background-color":"var(--ast-global-color-5)","background-image":"","background-repeat":"repeat","background-position":"center center","background-size":"auto","background-attachment":"scroll","background-type":"","background-media":"","overlay-type":"","overlay-color":"","overlay-gradient":""}},"footnotes":""},"class_list":["post-87","page","type-page","status-publish","hentry"],"_links":{"self":[{"href":"https:\/\/playstoreios.com\/es\/wp-json\/wp\/v2\/pages\/87","targetHints":{"allow":["GET"]}}],"collection":[{"href":"https:\/\/playstoreios.com\/es\/wp-json\/wp\/v2\/pages"}],"about":[{"href":"https:\/\/playstoreios.com\/es\/wp-json\/wp\/v2\/types\/page"}],"author":[{"embeddable":true,"href":"https:\/\/playstoreios.com\/es\/wp-json\/wp\/v2\/users\/1"}],"replies":[{"embeddable":true,"href":"https:\/\/playstoreios.com\/es\/wp-json\/wp\/v2\/comments?post=87"}],"version-history":[{"count":6,"href":"https:\/\/playstoreios.com\/es\/wp-json\/wp\/v2\/pages\/87\/revisions"}],"predecessor-version":[{"id":406,"href":"https:\/\/playstoreios.com\/es\/wp-json\/wp\/v2\/pages\/87\/revisions\/406"}],"wp:attachment":[{"href":"https:\/\/playstoreios.com\/es\/wp-json\/wp\/v2\/media?parent=87"}],"curies":[{"name":"wp","href":"https:\/\/api.w.org\/{rel}","templated":true}]}}