{"id":83,"date":"2024-01-21T18:47:32","date_gmt":"2024-01-21T18:47:32","guid":{"rendered":"https:\/\/playstoreios.com\/?page_id=83"},"modified":"2024-05-24T19:21:37","modified_gmt":"2024-05-24T19:21:37","slug":"privacy-policy","status":"publish","type":"page","link":"https:\/\/playstoreios.com\/es\/politica-de-privacidad\/","title":{"rendered":"pol\u00edtica de privacidad"},"content":{"rendered":"<p>Bienvenido a PlayStoreiOS.com. Respetamos su privacidad y nos comprometemos a proteger sus datos personales. Esta pol\u00edtica de privacidad le informar\u00e1 sobre c\u00f3mo cuidamos sus datos personales cuando visita nuestro sitio web (independientemente de d\u00f3nde lo visite) y le informar\u00e1 sobre sus derechos de privacidad y c\u00f3mo lo protege la ley.<\/p>\n\n\n\n<p><strong>1. Informaci\u00f3n importante y qui\u00e9nes somos<\/strong><\/p>\n\n\n\n<ul class=\"wp-block-list\">\n<li><strong>Prop\u00f3sito de esta Pol\u00edtica de Privacidad<\/strong> Esta pol\u00edtica de privacidad tiene como objetivo brindarle informaci\u00f3n sobre c\u00f3mo PlayStoreiOS.com recopila y procesa sus datos personales a trav\u00e9s del uso de este sitio web, incluidos cualquier dato que pueda proporcionar a trav\u00e9s de este sitio cuando se suscribe a un bolet\u00edn informativo, compra un producto o servicio, o participar en una competici\u00f3n.<\/li>\n\n\n\n<li><strong>Controlador<\/strong> PlayStoreiOS.com es el controlador y responsable de sus datos personales (denominados colectivamente &quot;PlayStoreiOS.com&quot;, &quot;nosotros&quot;, &quot;nos&quot; o &quot;nuestro&quot; en esta pol\u00edtica de privacidad).<\/li>\n<\/ul>\n\n\n\n<p><strong>2. Los datos que recopilamos sobre usted<\/strong> Datos personales, o informaci\u00f3n personal, significa cualquier informaci\u00f3n sobre un individuo a partir de la cual se pueda identificar a esa persona. No incluye datos donde se ha eliminado la identidad (datos an\u00f3nimos).<\/p>\n\n\n\n<p>Podemos recopilar, usar, almacenar y transferir diferentes tipos de datos personales sobre usted que hemos agrupado de la siguiente manera:<\/p>\n\n\n\n<ul class=\"wp-block-list\">\n<li>Los datos de identidad incluyen nombre, apellido, nombre de usuario o identificador similar.<\/li>\n\n\n\n<li>Los datos de contacto incluyen direcci\u00f3n de correo electr\u00f3nico y n\u00fameros de tel\u00e9fono.<\/li>\n\n\n\n<li>Los datos t\u00e9cnicos incluyen la direcci\u00f3n de protocolo de Internet (IP), sus datos de inicio de sesi\u00f3n, tipo y versi\u00f3n del navegador, configuraci\u00f3n y ubicaci\u00f3n de la zona horaria, tipos y versiones de complementos del navegador, sistema operativo y plataforma, y otra tecnolog\u00eda en los dispositivos que utiliza para acceder a este sitio web. .<\/li>\n<\/ul>\n\n\n\n<p><strong>3. \u00bfC\u00f3mo se recopilan sus datos personales?<\/strong> Utilizamos diferentes m\u00e9todos para recopilar datos suyos y sobre usted, incluidos a trav\u00e9s de:<\/p>\n\n\n\n<ul class=\"wp-block-list\">\n<li>Interacciones directas. Puede proporcionarnos su identidad, contacto y datos financieros completando formularios o comunic\u00e1ndose con nosotros por correo postal, tel\u00e9fono, correo electr\u00f3nico o de otro modo.<\/li>\n\n\n\n<li>Tecnolog\u00edas o interacciones automatizadas. A medida que interact\u00faa con nuestro sitio web, podemos recopilar autom\u00e1ticamente datos t\u00e9cnicos sobre su equipo, acciones de navegaci\u00f3n y patrones.<\/li>\n<\/ul>\n\n\n\n<p><strong>4. C\u00f3mo utilizamos sus datos personales<\/strong> S\u00f3lo utilizaremos tus datos personales cuando la ley nos lo permita. Lo m\u00e1s habitual es que utilicemos sus datos personales en las siguientes circunstancias:<\/p>\n\n\n\n<ul class=\"wp-block-list\">\n<li>Cuando necesitemos ejecutar el contrato que estamos a punto de celebrar o hemos celebrado con usted.<\/li>\n\n\n\n<li>Cuando sea necesario para nuestros intereses leg\u00edtimos (o los de un tercero) y sus intereses y derechos fundamentales no prevalezcan sobre esos intereses.<\/li>\n\n\n\n<li>Donde necesitamos cumplir con una obligaci\u00f3n legal.<\/li>\n<\/ul>\n\n\n\n<p><strong>5. Seguridad de los datos<\/strong> Hemos implementado medidas de seguridad adecuadas para evitar que sus datos personales se pierdan accidentalmente, se utilicen o se acceda a ellos de forma no autorizada, se modifiquen o se divulguen.<\/p>\n\n\n\n<p><strong>6. Sus derechos legales<\/strong> En determinadas circunstancias, usted tiene derechos seg\u00fan las leyes de protecci\u00f3n de datos en relaci\u00f3n con sus datos personales. Estos incluyen el derecho a solicitar acceso, correcci\u00f3n, eliminaci\u00f3n, restricci\u00f3n, transferencia, a oponerse al procesamiento, a la portabilidad de los datos y (cuando el fundamento legal del procesamiento sea el consentimiento) a retirar el consentimiento.<\/p>\n\n\n\n<p><strong>7. Cont\u00e1ctenos<\/strong> Si tiene alguna pregunta sobre esta pol\u00edtica de privacidad o nuestras pr\u00e1cticas de privacidad, comun\u00edquese con nosotros de las siguientes maneras:<\/p>","protected":false},"excerpt":{"rendered":"<p>Welcome to PlayStoreiOS.com. We respect your privacy and are committed to protecting your personal data. This privacy policy will inform [&hellip;]<\/p>","protected":false},"author":1,"featured_media":0,"parent":0,"menu_order":0,"comment_status":"closed","ping_status":"closed","template":"","meta":{"site-sidebar-layout":"default","site-content-layout":"","ast-site-content-layout":"","site-content-style":"default","site-sidebar-style":"default","ast-global-header-display":"","ast-banner-title-visibility":"","ast-main-header-display":"","ast-hfb-above-header-display":"","ast-hfb-below-header-display":"","ast-hfb-mobile-header-display":"","site-post-title":"","ast-breadcrumbs-content":"","ast-featured-img":"","footer-sml-layout":"","theme-transparent-header-meta":"","adv-header-id-meta":"","stick-header-meta":"","header-above-stick-meta":"","header-main-stick-meta":"","header-below-stick-meta":"","astra-migrate-meta-layouts":"default","ast-page-background-enabled":"default","ast-page-background-meta":{"desktop":{"background-color":"var(--ast-global-color-4)","background-image":"","background-repeat":"repeat","background-position":"center center","background-size":"auto","background-attachment":"scroll","background-type":"","background-media":"","overlay-type":"","overlay-color":"","overlay-gradient":""},"tablet":{"background-color":"","background-image":"","background-repeat":"repeat","background-position":"center center","background-size":"auto","background-attachment":"scroll","background-type":"","background-media":"","overlay-type":"","overlay-color":"","overlay-gradient":""},"mobile":{"background-color":"","background-image":"","background-repeat":"repeat","background-position":"center center","background-size":"auto","background-attachment":"scroll","background-type":"","background-media":"","overlay-type":"","overlay-color":"","overlay-gradient":""}},"ast-content-background-meta":{"desktop":{"background-color":"var(--ast-global-color-5)","background-image":"","background-repeat":"repeat","background-position":"center center","background-size":"auto","background-attachment":"scroll","background-type":"","background-media":"","overlay-type":"","overlay-color":"","overlay-gradient":""},"tablet":{"background-color":"var(--ast-global-color-5)","background-image":"","background-repeat":"repeat","background-position":"center center","background-size":"auto","background-attachment":"scroll","background-type":"","background-media":"","overlay-type":"","overlay-color":"","overlay-gradient":""},"mobile":{"background-color":"var(--ast-global-color-5)","background-image":"","background-repeat":"repeat","background-position":"center center","background-size":"auto","background-attachment":"scroll","background-type":"","background-media":"","overlay-type":"","overlay-color":"","overlay-gradient":""}},"footnotes":""},"class_list":["post-83","page","type-page","status-publish","hentry"],"_links":{"self":[{"href":"https:\/\/playstoreios.com\/es\/wp-json\/wp\/v2\/pages\/83","targetHints":{"allow":["GET"]}}],"collection":[{"href":"https:\/\/playstoreios.com\/es\/wp-json\/wp\/v2\/pages"}],"about":[{"href":"https:\/\/playstoreios.com\/es\/wp-json\/wp\/v2\/types\/page"}],"author":[{"embeddable":true,"href":"https:\/\/playstoreios.com\/es\/wp-json\/wp\/v2\/users\/1"}],"replies":[{"embeddable":true,"href":"https:\/\/playstoreios.com\/es\/wp-json\/wp\/v2\/comments?post=83"}],"version-history":[{"count":6,"href":"https:\/\/playstoreios.com\/es\/wp-json\/wp\/v2\/pages\/83\/revisions"}],"predecessor-version":[{"id":405,"href":"https:\/\/playstoreios.com\/es\/wp-json\/wp\/v2\/pages\/83\/revisions\/405"}],"wp:attachment":[{"href":"https:\/\/playstoreios.com\/es\/wp-json\/wp\/v2\/media?parent=83"}],"curies":[{"name":"wp","href":"https:\/\/api.w.org\/{rel}","templated":true}]}}