{"id":83,"date":"2024-01-21T18:47:32","date_gmt":"2024-01-21T18:47:32","guid":{"rendered":"https:\/\/playstoreios.com\/?page_id=83"},"modified":"2024-05-24T19:21:37","modified_gmt":"2024-05-24T19:21:37","slug":"privacy-policy","status":"publish","type":"page","link":"https:\/\/playstoreios.com\/de\/datenschutzrichtlinie\/","title":{"rendered":"Datenschutzrichtlinie"},"content":{"rendered":"<p>Willkommen bei PlayStoreiOS.com. Wir respektieren Ihre Privatsph\u00e4re und verpflichten uns, Ihre pers\u00f6nlichen Daten zu sch\u00fctzen. Diese Datenschutzrichtlinie informiert Sie dar\u00fcber, wie wir mit Ihren pers\u00f6nlichen Daten umgehen, wenn Sie unsere Website besuchen (unabh\u00e4ngig davon, von wo aus Sie sie besuchen), und informiert Sie \u00fcber Ihre Datenschutzrechte und dar\u00fcber, wie das Gesetz Sie sch\u00fctzt.<\/p>\n\n\n\n<p><strong>1. Wichtige Informationen und wer wir sind<\/strong><\/p>\n\n\n\n<ul class=\"wp-block-list\">\n<li><strong>Zweck dieser Datenschutzrichtlinie<\/strong> Diese Datenschutzrichtlinie soll Ihnen Informationen dar\u00fcber geben, wie PlayStoreiOS.com Ihre personenbezogenen Daten durch Ihre Nutzung dieser Website erhebt und verarbeitet, einschlie\u00dflich aller Daten, die Sie \u00fcber diese Website bereitstellen, wenn Sie sich f\u00fcr einen Newsletter anmelden, ein Produkt oder eine Dienstleistung kaufen oder an einem Wettbewerb teilnehmen.<\/li>\n\n\n\n<li><strong>Regler<\/strong> PlayStoreiOS.com ist der Verantwortliche und f\u00fcr Ihre personenbezogenen Daten verantwortlich (in dieser Datenschutzrichtlinie gemeinsam als \u201ePlayStoreiOS.com\u201c, \u201ewir\u201c, \u201euns\u201c oder \u201eunser\u201c bezeichnet).<\/li>\n<\/ul>\n\n\n\n<p><strong>2. Welche Daten wir \u00fcber Sie erheben<\/strong> Personenbezogene Daten oder pers\u00f6nliche Informationen sind alle Informationen \u00fcber eine Person, anhand derer diese Person identifiziert werden kann. Daten, bei denen die Identit\u00e4t entfernt wurde (anonyme Daten), fallen nicht darunter.<\/p>\n\n\n\n<p>Wir k\u00f6nnen verschiedene Arten personenbezogener Daten \u00fcber Sie erfassen, verwenden, speichern und \u00fcbermitteln, die wir wie folgt zusammengefasst haben:<\/p>\n\n\n\n<ul class=\"wp-block-list\">\n<li>Identit\u00e4tsdaten umfassen Vorname, Nachname, Benutzername oder \u00e4hnliche Kennungen.<\/li>\n\n\n\n<li>Zu den Kontaktdaten z\u00e4hlen E-Mail-Adresse und Telefonnummern.<\/li>\n\n\n\n<li>Zu den technischen Daten geh\u00f6ren die Internetprotokoll-Adresse (IP-Adresse), Ihre Anmeldedaten, Browsertyp und -version, Zeitzoneneinstellung und Standort, Browser-Plugin-Typen und -Versionen, Betriebssystem und Plattform sowie andere Technologien auf den Ger\u00e4ten, die Sie f\u00fcr den Zugriff auf diese Website verwenden.<\/li>\n<\/ul>\n\n\n\n<p><strong>3. Wie werden Ihre personenbezogenen Daten erhoben?<\/strong> Wir verwenden verschiedene Methoden, um Daten von Ihnen und \u00fcber Sie zu sammeln, unter anderem durch:<\/p>\n\n\n\n<ul class=\"wp-block-list\">\n<li>Direkte Interaktionen. Sie k\u00f6nnen uns Ihre Identit\u00e4ts-, Kontakt- und Finanzdaten mitteilen, indem Sie Formulare ausf\u00fcllen oder mit uns per Post, Telefon, E-Mail oder auf andere Weise korrespondieren.<\/li>\n\n\n\n<li>Automatisierte Technologien oder Interaktionen. Wenn Sie mit unserer Website interagieren, erfassen wir m\u00f6glicherweise automatisch technische Daten zu Ihrer Ausr\u00fcstung, Ihren Browsing-Aktionen und -Mustern.<\/li>\n<\/ul>\n\n\n\n<p><strong>4. Wie wir Ihre personenbezogenen Daten verwenden<\/strong> Wir verwenden Ihre personenbezogenen Daten nur, wenn uns das Gesetz dies erlaubt. Am h\u00e4ufigsten verwenden wir Ihre personenbezogenen Daten unter den folgenden Umst\u00e4nden:<\/p>\n\n\n\n<ul class=\"wp-block-list\">\n<li>Wenn wir den Vertrag erf\u00fcllen m\u00fcssen, den wir mit Ihnen abschlie\u00dfen oder abgeschlossen haben.<\/li>\n\n\n\n<li>Wenn es f\u00fcr unsere berechtigten Interessen (oder die eines Dritten) erforderlich ist und Ihre Interessen und Grundrechte diese Interessen nicht \u00fcberwiegen.<\/li>\n\n\n\n<li>Wenn wir einer gesetzlichen Verpflichtung nachkommen m\u00fcssen.<\/li>\n<\/ul>\n\n\n\n<p><strong>5. Datensicherheit<\/strong> Wir haben entsprechende Sicherheitsma\u00dfnahmen getroffen, um zu verhindern, dass Ihre personenbezogenen Daten versehentlich verloren gehen oder auf unbefugte Weise verwendet oder abgerufen, ver\u00e4ndert oder offengelegt werden.<\/p>\n\n\n\n<p><strong>6. Ihre gesetzlichen Rechte<\/strong> Unter bestimmten Umst\u00e4nden haben Sie nach den Datenschutzgesetzen Rechte in Bezug auf Ihre personenbezogenen Daten. Dazu geh\u00f6ren das Recht auf Zugriff, Berichtigung, L\u00f6schung, Einschr\u00e4nkung, \u00dcbertragung, Widerspruch gegen die Verarbeitung, Daten\u00fcbertragbarkeit und (sofern die Rechtsgrundlage der Verarbeitung die Einwilligung ist) das Recht auf Widerruf der Einwilligung.<\/p>\n\n\n\n<p><strong>7. Kontaktieren Sie uns<\/strong> Wenn Sie Fragen zu dieser Datenschutzrichtlinie oder unseren Datenschutzpraktiken haben, kontaktieren Sie uns bitte auf folgende Weise:<\/p>","protected":false},"excerpt":{"rendered":"<p>Welcome to PlayStoreiOS.com. We respect your privacy and are committed to protecting your personal data. This privacy policy will inform [&hellip;]<\/p>","protected":false},"author":1,"featured_media":0,"parent":0,"menu_order":0,"comment_status":"closed","ping_status":"closed","template":"","meta":{"site-sidebar-layout":"default","site-content-layout":"","ast-site-content-layout":"","site-content-style":"default","site-sidebar-style":"default","ast-global-header-display":"","ast-banner-title-visibility":"","ast-main-header-display":"","ast-hfb-above-header-display":"","ast-hfb-below-header-display":"","ast-hfb-mobile-header-display":"","site-post-title":"","ast-breadcrumbs-content":"","ast-featured-img":"","footer-sml-layout":"","theme-transparent-header-meta":"","adv-header-id-meta":"","stick-header-meta":"","header-above-stick-meta":"","header-main-stick-meta":"","header-below-stick-meta":"","astra-migrate-meta-layouts":"default","ast-page-background-enabled":"default","ast-page-background-meta":{"desktop":{"background-color":"var(--ast-global-color-4)","background-image":"","background-repeat":"repeat","background-position":"center center","background-size":"auto","background-attachment":"scroll","background-type":"","background-media":"","overlay-type":"","overlay-color":"","overlay-gradient":""},"tablet":{"background-color":"","background-image":"","background-repeat":"repeat","background-position":"center center","background-size":"auto","background-attachment":"scroll","background-type":"","background-media":"","overlay-type":"","overlay-color":"","overlay-gradient":""},"mobile":{"background-color":"","background-image":"","background-repeat":"repeat","background-position":"center center","background-size":"auto","background-attachment":"scroll","background-type":"","background-media":"","overlay-type":"","overlay-color":"","overlay-gradient":""}},"ast-content-background-meta":{"desktop":{"background-color":"var(--ast-global-color-5)","background-image":"","background-repeat":"repeat","background-position":"center center","background-size":"auto","background-attachment":"scroll","background-type":"","background-media":"","overlay-type":"","overlay-color":"","overlay-gradient":""},"tablet":{"background-color":"var(--ast-global-color-5)","background-image":"","background-repeat":"repeat","background-position":"center center","background-size":"auto","background-attachment":"scroll","background-type":"","background-media":"","overlay-type":"","overlay-color":"","overlay-gradient":""},"mobile":{"background-color":"var(--ast-global-color-5)","background-image":"","background-repeat":"repeat","background-position":"center center","background-size":"auto","background-attachment":"scroll","background-type":"","background-media":"","overlay-type":"","overlay-color":"","overlay-gradient":""}},"footnotes":""},"class_list":["post-83","page","type-page","status-publish","hentry"],"_links":{"self":[{"href":"https:\/\/playstoreios.com\/de\/wp-json\/wp\/v2\/pages\/83","targetHints":{"allow":["GET"]}}],"collection":[{"href":"https:\/\/playstoreios.com\/de\/wp-json\/wp\/v2\/pages"}],"about":[{"href":"https:\/\/playstoreios.com\/de\/wp-json\/wp\/v2\/types\/page"}],"author":[{"embeddable":true,"href":"https:\/\/playstoreios.com\/de\/wp-json\/wp\/v2\/users\/1"}],"replies":[{"embeddable":true,"href":"https:\/\/playstoreios.com\/de\/wp-json\/wp\/v2\/comments?post=83"}],"version-history":[{"count":6,"href":"https:\/\/playstoreios.com\/de\/wp-json\/wp\/v2\/pages\/83\/revisions"}],"predecessor-version":[{"id":405,"href":"https:\/\/playstoreios.com\/de\/wp-json\/wp\/v2\/pages\/83\/revisions\/405"}],"wp:attachment":[{"href":"https:\/\/playstoreios.com\/de\/wp-json\/wp\/v2\/media?parent=83"}],"curies":[{"name":"wp","href":"https:\/\/api.w.org\/{rel}","templated":true}]}}